{"id":1072,"date":"2020-09-07T11:29:20","date_gmt":"2020-09-07T16:29:20","guid":{"rendered":"http:\/\/vermelho.ca\/beta\/?page_id=1072"},"modified":"2020-09-16T19:47:53","modified_gmt":"2020-09-17T00:47:53","slug":"questions","status":"publish","type":"page","link":"https:\/\/vermelho.ca\/beta\/questions\/","title":{"rendered":"Questions"},"content":{"rendered":"[vc_row type=\u00a0\u00bbfull_width_background\u00a0\u00bb full_screen_row_position=\u00a0\u00bbmiddle\u00a0\u00bb column_margin=\u00a0\u00bbdefault\u00a0\u00bb scene_position=\u00a0\u00bbcenter\u00a0\u00bb text_color=\u00a0\u00bbdark\u00a0\u00bb text_align=\u00a0\u00bbleft\u00a0\u00bb top_padding=\u00a0\u00bb2%\u00a0\u00bb bottom_padding=\u00a0\u00bb2%\u00a0\u00bb color_overlay=\u00a0\u00bb#cc0000&Prime; overlay_strength=\u00a0\u00bb1&Prime; shape_divider_position=\u00a0\u00bbbottom\u00a0\u00bb bg_image_animation=\u00a0\u00bbnone\u00a0\u00bb shape_type=\u00a0\u00bb\u00a0\u00bb][vc_column column_padding=\u00a0\u00bbno-extra-padding\u00a0\u00bb column_padding_position=\u00a0\u00bball\u00a0\u00bb background_color_opacity=\u00a0\u00bb1&Prime; background_hover_color_opacity=\u00a0\u00bb1&Prime; column_link_target=\u00a0\u00bb_self\u00a0\u00bb column_shadow=\u00a0\u00bbnone\u00a0\u00bb column_border_radius=\u00a0\u00bbnone\u00a0\u00bb width=\u00a0\u00bb1\/1&Prime; tablet_width_inherit=\u00a0\u00bbdefault\u00a0\u00bb tablet_text_alignment=\u00a0\u00bbdefault\u00a0\u00bb phone_text_alignment=\u00a0\u00bbdefault\u00a0\u00bb overlay_strength=\u00a0\u00bb0.3&Prime; column_border_width=\u00a0\u00bbnone\u00a0\u00bb column_border_style=\u00a0\u00bbsolid\u00a0\u00bb bg_image_animation=\u00a0\u00bbnone\u00a0\u00bb][vc_column_text]\n<h2><span style=\"color: #ffffff;\">Questions fr\u00e9quemment pos\u00e9es<\/span><\/h2>\n[\/vc_column_text][\/vc_column][\/vc_row][vc_row type=\u00a0\u00bbin_container\u00a0\u00bb full_screen_row_position=\u00a0\u00bbmiddle\u00a0\u00bb column_margin=\u00a0\u00bbdefault\u00a0\u00bb scene_position=\u00a0\u00bbcenter\u00a0\u00bb text_color=\u00a0\u00bbdark\u00a0\u00bb text_align=\u00a0\u00bbleft\u00a0\u00bb overlay_strength=\u00a0\u00bb0.3&Prime; shape_divider_position=\u00a0\u00bbbottom\u00a0\u00bb bg_image_animation=\u00a0\u00bbnone\u00a0\u00bb][vc_column column_padding=\u00a0\u00bbno-extra-padding\u00a0\u00bb column_padding_position=\u00a0\u00bball\u00a0\u00bb background_color_opacity=\u00a0\u00bb1&Prime; background_hover_color_opacity=\u00a0\u00bb1&Prime; column_link_target=\u00a0\u00bb_self\u00a0\u00bb column_shadow=\u00a0\u00bbnone\u00a0\u00bb column_border_radius=\u00a0\u00bbnone\u00a0\u00bb width=\u00a0\u00bb1\/1&Prime; tablet_width_inherit=\u00a0\u00bbdefault\u00a0\u00bb tablet_text_alignment=\u00a0\u00bbdefault\u00a0\u00bb phone_text_alignment=\u00a0\u00bbdefault\u00a0\u00bb overlay_strength=\u00a0\u00bb0.3&Prime; column_border_width=\u00a0\u00bbnone\u00a0\u00bb column_border_style=\u00a0\u00bbsolid\u00a0\u00bb bg_image_animation=\u00a0\u00bbnone\u00a0\u00bb][divider line_type=\u00a0\u00bbNo Line\u00a0\u00bb][toggles style=\u00a0\u00bbdefault\u00a0\u00bb accordion=\u00a0\u00bbtrue\u00a0\u00bb][toggle color=\u00a0\u00bbDefault\u00a0\u00bb title=\u00a0\u00bbDe combien d&rsquo;exercice un setter irlandais a-t-il besoin?\u00a0\u00bb][vc_column_text]Comme la plupart des races sportives, les Setters Irlandais ont beaucoup d&rsquo;\u00e9nergie.\u00a0Ils sont sportifs, ont un bon nez et veulent explorer le monde.\u00a0Beaucoup de gens choisissent de ne pas utiliser leurs Setters Irlandais pour chasser, mais leur \u00e9nergie reste et doit trouver un d\u00e9bouch\u00e9 appropri\u00e9.<\/p>\n<p>Les humains sont faits pour marcher, les Irlandais sont faits pour courir. 20 minutes de course libre dans un endroit ferm\u00e9 deux fois par jour vous permettront de vous assurer que votre chien br\u00fble son \u00e9nergie \u00e0 l&rsquo;ext\u00e9rieur pour qu&rsquo;il puisse entrer et se d\u00e9tendre dans la maison. Beaucoup de gens qui se plaignent du comportement de leur chien n&rsquo;exercent pas suffisamment leur chien.<\/p>\n<p>L&rsquo;installation d&rsquo;une cl\u00f4ture dans votre cour est un bon moyen de garder votre chien en s\u00e9curit\u00e9. Les cours cl\u00f4tur\u00e9es permettent \u00e9galement \u00e0 un chien de courir et de faire de l&rsquo;exercice librement, ce qui est pratique pour les propri\u00e9taires.\u00a0Avoir \u00e0 mettre votre chien en laisse chaque fois qu&rsquo;il a besoin d&rsquo;aller dehors est fastidieux par rapport \u00e0 pouvoir ouvrir la porte arri\u00e8re.[\/vc_column_text][\/toggle][toggle color=\u00a0\u00bbDefault\u00a0\u00bb title=\u00a0\u00bb\u00c0 quelle hauteur doit \u00eatre ma cl\u00f4ture?\u00a0\u00bb][vc_column_text]Une cour cl\u00f4tur\u00e9e devrait permettre la marche ou la course \u00e0 pied, mais il n&rsquo;est pas n\u00e9cessaire qu&rsquo;elle soit grande. Bien s\u00fbr, plus l&rsquo;espace est grand, plus un chien a de place pour courir et beaucoup de propri\u00e9taires trouvent cela pr\u00e9f\u00e9rable si leur espace peut s&rsquo;adapter \u00e0 leurs besoins.<\/p>\n<p>Une cl\u00f4ture doit \u00eatre suffisamment haute pour que votre chien ne puisse pas sauter par-dessus.\u00a0Certains Setters sont connus pour franchir facilement une cl\u00f4ture de quatre pieds.\u00a0Nous sugg\u00e9rons g\u00e9n\u00e9ralement 6 pieds.\u00a0N&rsquo;oubliez pas que la hauteur de la cl\u00f4ture pourrait \u00eatre r\u00e9duite en hiver avec la neige.[\/vc_column_text][\/toggle][toggle color=\u00a0\u00bbDefault\u00a0\u00bb title=\u00a0\u00bbLes cl\u00f4tures \u00e9lectriques fonctionnent-elles pour les Setters Irlandais?\u00a0\u00bb][vc_column_text]Les\u00a0cl\u00f4tures\u00a0\u00e9lectriques\u00a0fonctionnent pour certains chiens, mais pas pour tous les chiens.\u00a0Il n&rsquo;y a aucun moyen de pr\u00e9dire quels chiens respecteront la bordure d&rsquo;une cl\u00f4ture \u00e9lectrique.\u00a0Une cl\u00f4ture \u00e9lectrique est plus un outil d\u2019entra\u00eenement qu&rsquo;une fronti\u00e8re physique.<\/p>\n<p>Certains Setters sont pr\u00eats \u00e0 prendre le choc pour suivre leur nez apr\u00e8s les oiseaux, les \u00e9cureuils, le gibier, etc. ou tout simplement pour bien courir. Une fois qu&rsquo;un chien se trouve \u00e0 l&rsquo;ext\u00e9rieur du p\u00e9rim\u00e8tre d&rsquo;une cl\u00f4ture \u00e9lectrique, le courant peut avoir un effet dissuasif sur son retour dans la zone cl\u00f4tur\u00e9e.<\/p>\n<p>Certains chiens effray\u00e9s par le choc s\u2019enfuient activement, d&rsquo;autres tentent de d&rsquo;attaquer ce qu&rsquo;ils pensent \u00eatre la source de la douleur.[\/vc_column_text][\/toggle][toggle color=\u00a0\u00bbDefault\u00a0\u00bb title=\u00a0\u00bbQue signifient ces titres? Pourquoi les titres sont-ils importants?\u00a0\u00bb][vc_column_text]Les titres mesurent les attributs d&rsquo;un chien, qu&rsquo;il s&rsquo;agisse de sa structure physique comme en conformation, de sa capacit\u00e9 d&rsquo;entra\u00eenement comme en ob\u00e9issance ou de ses aptitudes sur le terrain (la chasse). Ils sont aussi un signe de l&rsquo;engagement d&rsquo;un \u00e9leveur \u00e0 participer \u00e0 des \u00e9v\u00e9nements et \u00e0 faire comparer ses chiens aux autres.<\/p>\n<p>Les titres de conformation CKC et FCC et les titres de champion apparaissent avant le nom enregistr\u00e9 du chien.<\/p>\n<p>Les titres qui apparaissent apr\u00e8s le nom d&rsquo;un chien sont g\u00e9n\u00e9ralement des titres de performance;\u00a0ob\u00e9issance, rally-o, agilit\u00e9, tests de chasse, pistage etc.[\/vc_column_text][\/toggle][toggle color=\u00a0\u00bbDefault\u00a0\u00bb title=\u00a0\u00bbQuand recommandez-vous la st\u00e9rilisation?\u00a0\u00bb][vc_column_text]Il existe de\u00a0plus en plus de\u00a0<a href=\"https:\/\/www.smallanimalclinic.com\/resources\/spay-and-neuter-controversy\">recherches<\/a>\u00a0et de publications dans le\u00a0<a href=\"https:\/\/www.smallanimalclinic.com\/resources\/spay-and-neuter-controversy\">domaine v\u00e9t\u00e9rinaire qui \u00e9tablissent un<\/a>\u00a0lien entre la st\u00e9rilisation pr\u00e9coce, les alt\u00e9rations du sch\u00e9ma de croissance, la pr\u00e9disposition \u00e0 certaines blessures sportives et les probl\u00e8mes de sant\u00e9 qui peuvent survenir plus tard dans la vie.<\/p>\n<p>Nous recommandons aux propri\u00e9taires de chiots d&rsquo;attendre que le chien ait au moins 24 mois avant de le st\u00e9riliser. Les Setters Irlandais sont une race \u00e0 maturation lente et les hormones jouent un r\u00f4le important dans le d\u00e9veloppement et la maturation. La castration ou la st\u00e9rilisation lorsqu&rsquo;un chien a atteint sa pleine maturit\u00e9 lui donne tous les bienfaits des hormones pendant sa croissance. Certains v\u00e9t\u00e9rinaires peuvent \u00e9galement pratiquer une vasectomie ou une st\u00e9rilisation \u00e9pargnant les ovaires, ce qui rend le chien infertile, mais maintient les hormones. Retarder une st\u00e9rilisation suppose que les propri\u00e9taires sont consciencieux et qu&rsquo;ils surveillent leurs chiens.<\/p>\n<p><a href=\"https:\/\/www.smallanimalclinic.com\/resources\/spay-and-neuter-controversy\">https:\/\/www.smallanimalclinic.com\/resources\/spay-and-neuter-controversy<\/a>[\/vc_column_text][\/toggle][toggle color=\u00a0\u00bbDefault\u00a0\u00bb title=\u00a0\u00bbDe quel toilettage les Setters Irlandais ont-ils besoin?\u00a0\u00bb][vc_column_text]<a name=\"_GoBack\"><\/a> La texture des poils du Setter Irlandais est similaire \u00e0 celle des cheveux humains et n\u00e9cessite un peignage au moins une fois par semaine pour \u00e9viter qu\u2019ils s\u2019emm\u00ealent. Les Setters n&rsquo;ont pas la quantit\u00e9 de sous-poil de certaines autres races, ni la perte constante de nombreuses races \u00e0 poil court.<\/p>\n<p>Le toilettage n&rsquo;est pas difficile, et les propri\u00e9taires peuvent facilement apprendre \u00e0 toiletter leurs propres chiens pour que leur Setter ait une apparence soign\u00e9e.[\/vc_column_text][\/toggle][toggle color=\u00a0\u00bbDefault\u00a0\u00bb title=\u00a0\u00bbLes Setters irlandais sont-ils intelligents?\u00a0\u00bb][vc_column_text]Les Setters irlandais sont intelligents, cr\u00e9atifs et peuvent \u00eatre des farceurs. La plupart des propri\u00e9taires de Setter ont des histoires amusantes sur les singeries et l&rsquo;ing\u00e9niosit\u00e9 de leur chien. Ils vous mettront \u00e0 l&rsquo;\u00e9preuve pour voir si vous pensez vraiment ce que vous dites. Une fois qu&rsquo;ils ont pleinement exp\u00e9riment\u00e9 et qu\u2019ils connaissent vos attentes, ils respectent les limites que vous avez fix\u00e9es. Ils apprennent rapidement, retiennent ce qu&rsquo;ils apprennent et font souvent de merveilleux chiens ob\u00e9issants.<\/p>\n<p>Par exemple, si un Setter Irlandais tente de monter sur votre divan du c\u00f4t\u00e9 droit et que vous lui dites \u00ab\u00a0non\u00a0\u00bb, il essaiera de monter sur le c\u00f4t\u00e9 gauche. Apr\u00e8s tout, \u00e7a pourrait aller de l\u2019autre c\u00f4t\u00e9. Ils essaieront le divan le lendemain pour voir si \u00abnon\u00bb signifie tous les jours. Ils essaieront, quand vous serez sorti de la pi\u00e8ce, pour voir si \u00abnon\u00bb signifie toujours. Ce sont des exp\u00e9rimentateurs pers\u00e9v\u00e9rants. Ils comprennent parfaitement bien; c&rsquo;est un jeu pour d\u00e9couvrir qui entra\u00eene qui.[\/vc_column_text][\/toggle][toggle color=\u00a0\u00bbDefault\u00a0\u00bb title=\u00a0\u00bbLes Setters Irlandais sont-ils bons avec les enfants?\u00a0\u00bb][vc_column_text]Les Setters Irlandais sont de bons chiens de famille et jouent g\u00e9n\u00e9ralement avec et aiment les enfants. Comme les enfants, ils aiment les jouets et les jeux, et leur personnalit\u00e9 n&rsquo;est pas sans rappeler celle des enfants humains heureux de quatre ans. M\u00eame les chiots turbulents sont g\u00e9n\u00e9ralement doux. Ils sont enjou\u00e9s, bien qu&rsquo;ils ne soient pas toujours conscients de leur taille et peuvent faire tomber les enfants.<\/p>\n<p>Cependant, tous les enfants doivent apprendre \u00e0 interagir avec les chiens. Bien que les Setters soient tol\u00e9rants et consid\u00e8rent les enfants comme un prolongement de leur unit\u00e9 familiale, il n\u2019y a pas de chien qui endurera \u00e0 perp\u00e9tuit\u00e9 la rudesse.[\/vc_column_text][\/toggle][toggle color=\u00a0\u00bbDefault\u00a0\u00bb title=\u00a0\u00bbLes Setters irlandais s&rsquo;entendent-ils avec les autres chiens?\u00a0\u00bb][vc_column_text]Les Setters Irlandais sont une race sociable. La plupart des Setters semblent appr\u00e9cier la compagnie d\u2019autres chiens, et beaucoup de gens ont plus d&rsquo;un setter. \u00c0 l\u2019occasion, il peut y avoir d&rsquo;autres chiens qu&rsquo;un individu n&rsquo;aime pas. Nous, les humains, n&rsquo;aimons pas tous les gens que nous rencontrons et il semble naturel que les chiens aient aussi leurs pr\u00e9f\u00e9rences.[\/vc_column_text][\/toggle][\/toggles][\/vc_column][\/vc_row]\n","protected":false},"excerpt":{"rendered":"<p>[vc_row type=\u00a0\u00bbfull_width_background\u00a0\u00bb full_screen_row_position=\u00a0\u00bbmiddle\u00a0\u00bb column_margin=\u00a0\u00bbdefault\u00a0\u00bb scene_position=\u00a0\u00bbcenter\u00a0\u00bb text_color=\u00a0\u00bbdark\u00a0\u00bb text_align=\u00a0\u00bbleft\u00a0\u00bb top_padding=\u00a0\u00bb2%\u00a0\u00bb bottom_padding=\u00a0\u00bb2%\u00a0\u00bb color_overlay=\u00a0\u00bb#cc0000&Prime; overlay_strength=\u00a0\u00bb1&Prime; shape_divider_position=\u00a0\u00bbbottom\u00a0\u00bb bg_image_animation=\u00a0\u00bbnone\u00a0\u00bb shape_type=\u00a0\u00bb\u00a0\u00bb][vc_column column_padding=\u00a0\u00bbno-extra-padding\u00a0\u00bb column_padding_position=\u00a0\u00bball\u00a0\u00bb background_color_opacity=\u00a0\u00bb1&Prime; background_hover_color_opacity=\u00a0\u00bb1&Prime; column_link_target=\u00a0\u00bb_self\u00a0\u00bb column_shadow=\u00a0\u00bbnone\u00a0\u00bb column_border_radius=\u00a0\u00bbnone\u00a0\u00bb width=\u00a0\u00bb1\/1&Prime; tablet_width_inherit=\u00a0\u00bbdefault\u00a0\u00bb tablet_text_alignment=\u00a0\u00bbdefault\u00a0\u00bb phone_text_alignment=\u00a0\u00bbdefault\u00a0\u00bb overlay_strength=\u00a0\u00bb0.3&Prime; column_border_width=\u00a0\u00bbnone\u00a0\u00bb column_border_style=\u00a0\u00bbsolid\u00a0\u00bb bg_image_animation=\u00a0\u00bbnone\u00a0\u00bb][vc_column_text] Questions&#8230;<\/p>\n","protected":false},"author":2,"featured_media":0,"parent":0,"menu_order":0,"comment_status":"closed","ping_status":"closed","template":"","meta":{"footnotes":""},"class_list":["post-1072","page","type-page","status-publish"],"yoast_head":"<!-- This site is optimized with the Yoast SEO plugin v27.4 - https:\/\/yoast.com\/product\/yoast-seo-wordpress\/ -->\n<title>Questions - Vermelho<\/title>\n<meta name=\"description\" content=\"Vermelho c&#039;est un \u00e9levage de chien de la race Setter irlandais situ\u00e9 \u00e0 Trois-Rivi\u00e8res, Qu\u00e9bec, Canada.\" \/>\n<meta name=\"robots\" content=\"index, follow, max-snippet:-1, max-image-preview:large, max-video-preview:-1\" \/>\n<link rel=\"canonical\" href=\"http:\/\/vermelho.ca\/beta\/questions\/\" \/>\n<meta property=\"og:locale\" content=\"fr_FR\" \/>\n<meta property=\"og:type\" content=\"article\" \/>\n<meta property=\"og:title\" content=\"Questions - Vermelho\" \/>\n<meta property=\"og:description\" content=\"Vermelho c&#039;est un \u00e9levage de chien de la race Setter irlandais situ\u00e9 \u00e0 Trois-Rivi\u00e8res, Qu\u00e9bec, Canada.\" \/>\n<meta property=\"og:url\" content=\"http:\/\/vermelho.ca\/beta\/questions\/\" \/>\n<meta property=\"og:site_name\" content=\"Vermelho\" \/>\n<meta property=\"article:modified_time\" content=\"2020-09-17T00:47:53+00:00\" \/>\n<meta name=\"twitter:card\" content=\"summary_large_image\" \/>\n<meta name=\"twitter:label1\" content=\"Dur\u00e9e de lecture estim\u00e9e\" \/>\n\t<meta name=\"twitter:data1\" content=\"7 minutes\" \/>\n<script type=\"application\/ld+json\" class=\"yoast-schema-graph\">{\"@context\":\"https:\\\/\\\/schema.org\",\"@graph\":[{\"@type\":\"WebPage\",\"@id\":\"http:\\\/\\\/vermelho.ca\\\/beta\\\/questions\\\/\",\"url\":\"http:\\\/\\\/vermelho.ca\\\/beta\\\/questions\\\/\",\"name\":\"Questions - Vermelho\",\"isPartOf\":{\"@id\":\"http:\\\/\\\/vermelho.ca\\\/beta\\\/#website\"},\"datePublished\":\"2020-09-07T16:29:20+00:00\",\"dateModified\":\"2020-09-17T00:47:53+00:00\",\"description\":\"Vermelho c'est un \u00e9levage de chien de la race Setter irlandais situ\u00e9 \u00e0 Trois-Rivi\u00e8res, Qu\u00e9bec, Canada.\",\"breadcrumb\":{\"@id\":\"http:\\\/\\\/vermelho.ca\\\/beta\\\/questions\\\/#breadcrumb\"},\"inLanguage\":\"fr-FR\",\"potentialAction\":[{\"@type\":\"ReadAction\",\"target\":[\"http:\\\/\\\/vermelho.ca\\\/beta\\\/questions\\\/\"]}]},{\"@type\":\"BreadcrumbList\",\"@id\":\"http:\\\/\\\/vermelho.ca\\\/beta\\\/questions\\\/#breadcrumb\",\"itemListElement\":[{\"@type\":\"ListItem\",\"position\":1,\"name\":\"Accueil\",\"item\":\"https:\\\/\\\/vermelho.ca\\\/beta\\\/\"},{\"@type\":\"ListItem\",\"position\":2,\"name\":\"Questions\"}]},{\"@type\":\"WebSite\",\"@id\":\"http:\\\/\\\/vermelho.ca\\\/beta\\\/#website\",\"url\":\"http:\\\/\\\/vermelho.ca\\\/beta\\\/\",\"name\":\"Vermelho\",\"description\":\"\",\"potentialAction\":[{\"@type\":\"SearchAction\",\"target\":{\"@type\":\"EntryPoint\",\"urlTemplate\":\"http:\\\/\\\/vermelho.ca\\\/beta\\\/?s={search_term_string}\"},\"query-input\":{\"@type\":\"PropertyValueSpecification\",\"valueRequired\":true,\"valueName\":\"search_term_string\"}}],\"inLanguage\":\"fr-FR\"}]}<\/script>\n<!-- \/ Yoast SEO plugin. -->","yoast_head_json":{"title":"Questions - Vermelho","description":"Vermelho c'est un \u00e9levage de chien de la race Setter irlandais situ\u00e9 \u00e0 Trois-Rivi\u00e8res, Qu\u00e9bec, Canada.","robots":{"index":"index","follow":"follow","max-snippet":"max-snippet:-1","max-image-preview":"max-image-preview:large","max-video-preview":"max-video-preview:-1"},"canonical":"http:\/\/vermelho.ca\/beta\/questions\/","og_locale":"fr_FR","og_type":"article","og_title":"Questions - Vermelho","og_description":"Vermelho c'est un \u00e9levage de chien de la race Setter irlandais situ\u00e9 \u00e0 Trois-Rivi\u00e8res, Qu\u00e9bec, Canada.","og_url":"http:\/\/vermelho.ca\/beta\/questions\/","og_site_name":"Vermelho","article_modified_time":"2020-09-17T00:47:53+00:00","twitter_card":"summary_large_image","twitter_misc":{"Dur\u00e9e de lecture estim\u00e9e":"7 minutes"},"schema":{"@context":"https:\/\/schema.org","@graph":[{"@type":"WebPage","@id":"http:\/\/vermelho.ca\/beta\/questions\/","url":"http:\/\/vermelho.ca\/beta\/questions\/","name":"Questions - Vermelho","isPartOf":{"@id":"http:\/\/vermelho.ca\/beta\/#website"},"datePublished":"2020-09-07T16:29:20+00:00","dateModified":"2020-09-17T00:47:53+00:00","description":"Vermelho c'est un \u00e9levage de chien de la race Setter irlandais situ\u00e9 \u00e0 Trois-Rivi\u00e8res, Qu\u00e9bec, Canada.","breadcrumb":{"@id":"http:\/\/vermelho.ca\/beta\/questions\/#breadcrumb"},"inLanguage":"fr-FR","potentialAction":[{"@type":"ReadAction","target":["http:\/\/vermelho.ca\/beta\/questions\/"]}]},{"@type":"BreadcrumbList","@id":"http:\/\/vermelho.ca\/beta\/questions\/#breadcrumb","itemListElement":[{"@type":"ListItem","position":1,"name":"Accueil","item":"https:\/\/vermelho.ca\/beta\/"},{"@type":"ListItem","position":2,"name":"Questions"}]},{"@type":"WebSite","@id":"http:\/\/vermelho.ca\/beta\/#website","url":"http:\/\/vermelho.ca\/beta\/","name":"Vermelho","description":"","potentialAction":[{"@type":"SearchAction","target":{"@type":"EntryPoint","urlTemplate":"http:\/\/vermelho.ca\/beta\/?s={search_term_string}"},"query-input":{"@type":"PropertyValueSpecification","valueRequired":true,"valueName":"search_term_string"}}],"inLanguage":"fr-FR"}]}},"_links":{"self":[{"href":"https:\/\/vermelho.ca\/beta\/wp-json\/wp\/v2\/pages\/1072","targetHints":{"allow":["GET"]}}],"collection":[{"href":"https:\/\/vermelho.ca\/beta\/wp-json\/wp\/v2\/pages"}],"about":[{"href":"https:\/\/vermelho.ca\/beta\/wp-json\/wp\/v2\/types\/page"}],"author":[{"embeddable":true,"href":"https:\/\/vermelho.ca\/beta\/wp-json\/wp\/v2\/users\/2"}],"replies":[{"embeddable":true,"href":"https:\/\/vermelho.ca\/beta\/wp-json\/wp\/v2\/comments?post=1072"}],"version-history":[{"count":5,"href":"https:\/\/vermelho.ca\/beta\/wp-json\/wp\/v2\/pages\/1072\/revisions"}],"predecessor-version":[{"id":1147,"href":"https:\/\/vermelho.ca\/beta\/wp-json\/wp\/v2\/pages\/1072\/revisions\/1147"}],"wp:attachment":[{"href":"https:\/\/vermelho.ca\/beta\/wp-json\/wp\/v2\/media?parent=1072"}],"curies":[{"name":"wp","href":"https:\/\/api.w.org\/{rel}","templated":true}]}}