{"id":77,"date":"2020-02-22T12:48:49","date_gmt":"2020-02-22T17:48:49","guid":{"rendered":"http:\/\/vermelho.ca\/beta\/?page_id=77"},"modified":"2020-10-11T12:14:25","modified_gmt":"2020-10-11T17:14:25","slug":"males","status":"publish","type":"page","link":"https:\/\/vermelho.ca\/beta\/chiens\/males\/","title":{"rendered":"M\u00e2les"},"content":{"rendered":"[vc_row type=\u00a0\u00bbfull_width_background\u00a0\u00bb full_screen_row_position=\u00a0\u00bbmiddle\u00a0\u00bb column_margin=\u00a0\u00bbdefault\u00a0\u00bb bg_color=\u00a0\u00bb#333333&Prime; scene_position=\u00a0\u00bbcenter\u00a0\u00bb text_color=\u00a0\u00bbdark\u00a0\u00bb text_align=\u00a0\u00bbleft\u00a0\u00bb color_overlay=\u00a0\u00bb#333333&Prime; overlay_strength=\u00a0\u00bb0.95&Prime; enable_shape_divider=\u00a0\u00bbtrue\u00a0\u00bb shape_divider_color=\u00a0\u00bb#ffffff\u00a0\u00bb shape_divider_position=\u00a0\u00bbbottom\u00a0\u00bb shape_divider_height=\u00a0\u00bb12%\u00a0\u00bb bg_image_animation=\u00a0\u00bbnone\u00a0\u00bb shape_type=\u00a0\u00bbstraight_section\u00a0\u00bb][vc_column column_padding=\u00a0\u00bbno-extra-padding\u00a0\u00bb column_padding_position=\u00a0\u00bball\u00a0\u00bb background_color_opacity=\u00a0\u00bb1&Prime; background_hover_color_opacity=\u00a0\u00bb1&Prime; column_link_target=\u00a0\u00bb_self\u00a0\u00bb column_shadow=\u00a0\u00bbnone\u00a0\u00bb column_border_radius=\u00a0\u00bbnone\u00a0\u00bb width=\u00a0\u00bb1\/1&Prime; tablet_width_inherit=\u00a0\u00bbdefault\u00a0\u00bb tablet_text_alignment=\u00a0\u00bbdefault\u00a0\u00bb phone_text_alignment=\u00a0\u00bbdefault\u00a0\u00bb overlay_strength=\u00a0\u00bb0.3&Prime; column_border_width=\u00a0\u00bbnone\u00a0\u00bb column_border_style=\u00a0\u00bbsolid\u00a0\u00bb bg_image_animation=\u00a0\u00bbnone\u00a0\u00bb offset=\u00a0\u00bbvc_col-xs-6&Prime;][vc_row_inner equal_height=\u00a0\u00bbyes\u00a0\u00bb content_placement=\u00a0\u00bbmiddle\u00a0\u00bb column_margin=\u00a0\u00bbdefault\u00a0\u00bb text_align=\u00a0\u00bbleft\u00a0\u00bb][vc_column_inner column_padding=\u00a0\u00bbno-extra-padding\u00a0\u00bb column_padding_position=\u00a0\u00bball\u00a0\u00bb centered_text=\u00a0\u00bbtrue\u00a0\u00bb background_color_opacity=\u00a0\u00bb1&Prime; background_hover_color_opacity=\u00a0\u00bb1&Prime; column_shadow=\u00a0\u00bbnone\u00a0\u00bb column_border_radius=\u00a0\u00bbnone\u00a0\u00bb column_link_target=\u00a0\u00bb_self\u00a0\u00bb width=\u00a0\u00bb1\/3&Prime; tablet_width_inherit=\u00a0\u00bbdefault\u00a0\u00bb overlay_strength=\u00a0\u00bb0.3&Prime; column_border_width=\u00a0\u00bbnone\u00a0\u00bb column_border_style=\u00a0\u00bbsolid\u00a0\u00bb bg_image_animation=\u00a0\u00bbnone\u00a0\u00bb][\/vc_column_inner][vc_column_inner column_padding=\u00a0\u00bbpadding-3-percent\u00a0\u00bb column_padding_position=\u00a0\u00bbtop-bottom\u00a0\u00bb centered_text=\u00a0\u00bbtrue\u00a0\u00bb background_color_opacity=\u00a0\u00bb1&Prime; background_hover_color_opacity=\u00a0\u00bb1&Prime; column_shadow=\u00a0\u00bbnone\u00a0\u00bb column_border_radius=\u00a0\u00bbnone\u00a0\u00bb top_margin=\u00a0\u00bb5%\u00a0\u00bb bottom_margin=\u00a0\u00bb5%\u00a0\u00bb column_link_target=\u00a0\u00bb_self\u00a0\u00bb width=\u00a0\u00bb1\/3&Prime; tablet_width_inherit=\u00a0\u00bbdefault\u00a0\u00bb color_overlay=\u00a0\u00bb#cc0000&Prime; overlay_strength=\u00a0\u00bb0.95&Prime; column_border_width=\u00a0\u00bbnone\u00a0\u00bb column_border_style=\u00a0\u00bbsolid\u00a0\u00bb bg_image_animation=\u00a0\u00bbnone\u00a0\u00bb][split_line_heading animation_type=\u00a0\u00bbtwist-in\u00a0\u00bb font_style=\u00a0\u00bbh2&Prime; text_color=\u00a0\u00bb#ffffff\u00a0\u00bb text_content=\u00a0\u00bbM\u00e2les\u00a0\u00bb font_size=\u00a0\u00bb4vh\u00a0\u00bb][\/split_line_heading][\/vc_column_inner][vc_column_inner column_padding=\u00a0\u00bbno-extra-padding\u00a0\u00bb column_padding_position=\u00a0\u00bball\u00a0\u00bb background_color_opacity=\u00a0\u00bb1&Prime; background_hover_color_opacity=\u00a0\u00bb1&Prime; column_shadow=\u00a0\u00bbnone\u00a0\u00bb column_border_radius=\u00a0\u00bbnone\u00a0\u00bb column_link_target=\u00a0\u00bb_self\u00a0\u00bb width=\u00a0\u00bb1\/3&Prime; tablet_width_inherit=\u00a0\u00bbdefault\u00a0\u00bb overlay_strength=\u00a0\u00bb0.3&Prime; column_border_width=\u00a0\u00bbnone\u00a0\u00bb column_border_style=\u00a0\u00bbsolid\u00a0\u00bb bg_image_animation=\u00a0\u00bbnone\u00a0\u00bb][\/vc_column_inner][\/vc_row_inner][\/vc_column][\/vc_row][vc_row type=\u00a0\u00bbfull_width_background\u00a0\u00bb full_screen_row_position=\u00a0\u00bbmiddle\u00a0\u00bb column_margin=\u00a0\u00bbdefault\u00a0\u00bb scene_position=\u00a0\u00bbcenter\u00a0\u00bb text_color=\u00a0\u00bbdark\u00a0\u00bb text_align=\u00a0\u00bbleft\u00a0\u00bb top_padding=\u00a0\u00bb8%\u00a0\u00bb bottom_padding=\u00a0\u00bb8%\u00a0\u00bb overlay_strength=\u00a0\u00bb0.3&Prime; shape_divider_position=\u00a0\u00bbbottom\u00a0\u00bb bg_image_animation=\u00a0\u00bbnone\u00a0\u00bb shape_type=\u00a0\u00bb\u00a0\u00bb][vc_column column_padding=\u00a0\u00bbno-extra-padding\u00a0\u00bb column_padding_position=\u00a0\u00bball\u00a0\u00bb background_color_opacity=\u00a0\u00bb1&Prime; background_hover_color_opacity=\u00a0\u00bb1&Prime; column_link_target=\u00a0\u00bb_self\u00a0\u00bb column_shadow=\u00a0\u00bbnone\u00a0\u00bb column_border_radius=\u00a0\u00bbnone\u00a0\u00bb width=\u00a0\u00bb1\/1&Prime; tablet_width_inherit=\u00a0\u00bbdefault\u00a0\u00bb tablet_text_alignment=\u00a0\u00bbdefault\u00a0\u00bb phone_text_alignment=\u00a0\u00bbdefault\u00a0\u00bb overlay_strength=\u00a0\u00bb0.3&Prime; column_border_width=\u00a0\u00bbnone\u00a0\u00bb column_border_style=\u00a0\u00bbsolid\u00a0\u00bb bg_image_animation=\u00a0\u00bbnone\u00a0\u00bb][vc_row_inner equal_height=\u00a0\u00bbyes\u00a0\u00bb column_margin=\u00a0\u00bbdefault\u00a0\u00bb text_align=\u00a0\u00bbleft\u00a0\u00bb css=\u00a0\u00bb.vc_custom_1586662640140{margin-bottom: 2% !important;}\u00a0\u00bb][vc_column_inner column_padding=\u00a0\u00bbpadding-1-percent\u00a0\u00bb column_padding_position=\u00a0\u00bball\u00a0\u00bb background_color_opacity=\u00a0\u00bb1&Prime; background_hover_color_opacity=\u00a0\u00bb1&Prime; column_shadow=\u00a0\u00bbnone\u00a0\u00bb column_border_radius=\u00a0\u00bbnone\u00a0\u00bb column_link_target=\u00a0\u00bb_self\u00a0\u00bb width=\u00a0\u00bb1\/3&Prime; tablet_width_inherit=\u00a0\u00bbdefault\u00a0\u00bb overlay_strength=\u00a0\u00bb0.3&Prime; column_border_width=\u00a0\u00bbnone\u00a0\u00bb column_border_style=\u00a0\u00bbsolid\u00a0\u00bb bg_image_animation=\u00a0\u00bbnone\u00a0\u00bb][fancy_box box_style=\u00a0\u00bbdefault\u00a0\u00bb icon_family=\u00a0\u00bbfontawesome\u00a0\u00bb image_url=\u00a0\u00bb261&Prime; color=\u00a0\u00bbextra-color-gradient-1&Prime; border_radius=\u00a0\u00bb5px\u00a0\u00bb image_loading=\u00a0\u00bbdefault\u00a0\u00bb icon_size=\u00a0\u00bb25&Prime; icon_fontawesome=\u00a0\u00bbfa fa-paw\u00a0\u00bb link_url=\u00a0\u00bbhttp:\/\/vermelho.ca\/beta\/chiens\/males\/jax\/\u00a0\u00bb]\n<h3>Jax<\/h3>\n[\/fancy_box][\/vc_column_inner][vc_column_inner column_padding=\u00a0\u00bbpadding-1-percent\u00a0\u00bb column_padding_position=\u00a0\u00bball\u00a0\u00bb background_color_opacity=\u00a0\u00bb1&Prime; background_hover_color_opacity=\u00a0\u00bb1&Prime; column_shadow=\u00a0\u00bbnone\u00a0\u00bb column_border_radius=\u00a0\u00bbnone\u00a0\u00bb column_link_target=\u00a0\u00bb_self\u00a0\u00bb width=\u00a0\u00bb1\/3&Prime; tablet_width_inherit=\u00a0\u00bbdefault\u00a0\u00bb overlay_strength=\u00a0\u00bb0.3&Prime; column_border_width=\u00a0\u00bbnone\u00a0\u00bb column_border_style=\u00a0\u00bbsolid\u00a0\u00bb bg_image_animation=\u00a0\u00bbnone\u00a0\u00bb][fancy_box box_style=\u00a0\u00bbdefault\u00a0\u00bb icon_family=\u00a0\u00bbfontawesome\u00a0\u00bb image_url=\u00a0\u00bb263&Prime; color=\u00a0\u00bbextra-color-gradient-1&Prime; border_radius=\u00a0\u00bb5px\u00a0\u00bb image_loading=\u00a0\u00bbdefault\u00a0\u00bb icon_size=\u00a0\u00bb25&Prime; icon_fontawesome=\u00a0\u00bbfa fa-paw\u00a0\u00bb link_url=\u00a0\u00bbhttp:\/\/vermelho.ca\/beta\/chiens\/males\/lou\/\u00a0\u00bb]\n<h3>Lou<\/h3>\n[\/fancy_box][\/vc_column_inner][vc_column_inner column_padding=\u00a0\u00bbpadding-1-percent\u00a0\u00bb column_padding_position=\u00a0\u00bball\u00a0\u00bb background_color_opacity=\u00a0\u00bb1&Prime; background_hover_color_opacity=\u00a0\u00bb1&Prime; column_shadow=\u00a0\u00bbnone\u00a0\u00bb column_border_radius=\u00a0\u00bbnone\u00a0\u00bb column_link_target=\u00a0\u00bb_self\u00a0\u00bb width=\u00a0\u00bb1\/3&Prime; tablet_width_inherit=\u00a0\u00bbdefault\u00a0\u00bb overlay_strength=\u00a0\u00bb0.3&Prime; column_border_width=\u00a0\u00bbnone\u00a0\u00bb column_border_style=\u00a0\u00bbsolid\u00a0\u00bb bg_image_animation=\u00a0\u00bbnone\u00a0\u00bb][fancy_box box_style=\u00a0\u00bbdefault\u00a0\u00bb icon_family=\u00a0\u00bbfontawesome\u00a0\u00bb image_url=\u00a0\u00bb256&Prime; color=\u00a0\u00bbextra-color-gradient-1&Prime; border_radius=\u00a0\u00bb5px\u00a0\u00bb image_loading=\u00a0\u00bbdefault\u00a0\u00bb icon_fontawesome=\u00a0\u00bbfa fa-paw\u00a0\u00bb icon_size=\u00a0\u00bb25&Prime;]\n<h3>Avignon<\/h3>\n[\/fancy_box][\/vc_column_inner][\/vc_row_inner][\/vc_column][\/vc_row]\n","protected":false},"excerpt":{"rendered":"<p>[vc_row type=\u00a0\u00bbfull_width_background\u00a0\u00bb full_screen_row_position=\u00a0\u00bbmiddle\u00a0\u00bb column_margin=\u00a0\u00bbdefault\u00a0\u00bb bg_color=\u00a0\u00bb#333333&Prime; scene_position=\u00a0\u00bbcenter\u00a0\u00bb text_color=\u00a0\u00bbdark\u00a0\u00bb text_align=\u00a0\u00bbleft\u00a0\u00bb color_overlay=\u00a0\u00bb#333333&Prime; overlay_strength=\u00a0\u00bb0.95&Prime; enable_shape_divider=\u00a0\u00bbtrue\u00a0\u00bb shape_divider_color=\u00a0\u00bb#ffffff\u00a0\u00bb shape_divider_position=\u00a0\u00bbbottom\u00a0\u00bb shape_divider_height=\u00a0\u00bb12%\u00a0\u00bb bg_image_animation=\u00a0\u00bbnone\u00a0\u00bb shape_type=\u00a0\u00bbstraight_section\u00a0\u00bb][vc_column column_padding=\u00a0\u00bbno-extra-padding\u00a0\u00bb column_padding_position=\u00a0\u00bball\u00a0\u00bb background_color_opacity=\u00a0\u00bb1&Prime; background_hover_color_opacity=\u00a0\u00bb1&Prime; column_link_target=\u00a0\u00bb_self\u00a0\u00bb column_shadow=\u00a0\u00bbnone\u00a0\u00bb column_border_radius=\u00a0\u00bbnone\u00a0\u00bb width=\u00a0\u00bb1\/1&Prime; tablet_width_inherit=\u00a0\u00bbdefault\u00a0\u00bb tablet_text_alignment=\u00a0\u00bbdefault\u00a0\u00bb phone_text_alignment=\u00a0\u00bbdefault\u00a0\u00bb overlay_strength=\u00a0\u00bb0.3&Prime; column_border_width=\u00a0\u00bbnone\u00a0\u00bb column_border_style=\u00a0\u00bbsolid\u00a0\u00bb&#8230;<\/p>\n","protected":false},"author":2,"featured_media":0,"parent":68,"menu_order":0,"comment_status":"closed","ping_status":"closed","template":"","meta":{"footnotes":""},"class_list":["post-77","page","type-page","status-publish"],"yoast_head":"<!-- This site is optimized with the Yoast SEO plugin v27.4 - https:\/\/yoast.com\/product\/yoast-seo-wordpress\/ -->\n<title>M\u00e2les - Vermelho<\/title>\n<meta name=\"description\" content=\"Vermelho c&#039;est un \u00e9levage de chien de la race Setter irlandais situ\u00e9 \u00e0 Trois-Rivi\u00e8res, Qu\u00e9bec, Canada.\" \/>\n<meta name=\"robots\" content=\"index, follow, max-snippet:-1, max-image-preview:large, max-video-preview:-1\" \/>\n<link rel=\"canonical\" href=\"http:\/\/vermelho.ca\/beta\/chiens\/males\/\" \/>\n<meta property=\"og:locale\" content=\"fr_FR\" \/>\n<meta property=\"og:type\" content=\"article\" \/>\n<meta property=\"og:title\" content=\"M\u00e2les - Vermelho\" \/>\n<meta property=\"og:description\" content=\"Vermelho c&#039;est un \u00e9levage de chien de la race Setter irlandais situ\u00e9 \u00e0 Trois-Rivi\u00e8res, Qu\u00e9bec, Canada.\" \/>\n<meta property=\"og:url\" content=\"http:\/\/vermelho.ca\/beta\/chiens\/males\/\" \/>\n<meta property=\"og:site_name\" content=\"Vermelho\" \/>\n<meta property=\"article:modified_time\" content=\"2020-10-11T17:14:25+00:00\" \/>\n<meta name=\"twitter:card\" content=\"summary_large_image\" \/>\n<meta name=\"twitter:label1\" content=\"Dur\u00e9e de lecture estim\u00e9e\" \/>\n\t<meta name=\"twitter:data1\" content=\"3 minutes\" \/>\n<script type=\"application\/ld+json\" class=\"yoast-schema-graph\">{\"@context\":\"https:\\\/\\\/schema.org\",\"@graph\":[{\"@type\":\"WebPage\",\"@id\":\"http:\\\/\\\/vermelho.ca\\\/beta\\\/chiens\\\/males\\\/\",\"url\":\"http:\\\/\\\/vermelho.ca\\\/beta\\\/chiens\\\/males\\\/\",\"name\":\"M\u00e2les - Vermelho\",\"isPartOf\":{\"@id\":\"http:\\\/\\\/vermelho.ca\\\/beta\\\/#website\"},\"datePublished\":\"2020-02-22T17:48:49+00:00\",\"dateModified\":\"2020-10-11T17:14:25+00:00\",\"description\":\"Vermelho c'est un \u00e9levage de chien de la race Setter irlandais situ\u00e9 \u00e0 Trois-Rivi\u00e8res, Qu\u00e9bec, Canada.\",\"breadcrumb\":{\"@id\":\"http:\\\/\\\/vermelho.ca\\\/beta\\\/chiens\\\/males\\\/#breadcrumb\"},\"inLanguage\":\"fr-FR\",\"potentialAction\":[{\"@type\":\"ReadAction\",\"target\":[\"http:\\\/\\\/vermelho.ca\\\/beta\\\/chiens\\\/males\\\/\"]}]},{\"@type\":\"BreadcrumbList\",\"@id\":\"http:\\\/\\\/vermelho.ca\\\/beta\\\/chiens\\\/males\\\/#breadcrumb\",\"itemListElement\":[{\"@type\":\"ListItem\",\"position\":1,\"name\":\"Accueil\",\"item\":\"https:\\\/\\\/vermelho.ca\\\/beta\\\/\"},{\"@type\":\"ListItem\",\"position\":2,\"name\":\"Chiens\",\"item\":\"http:\\\/\\\/vermelho.ca\\\/beta\\\/chiens\\\/\"},{\"@type\":\"ListItem\",\"position\":3,\"name\":\"M\u00e2les\"}]},{\"@type\":\"WebSite\",\"@id\":\"http:\\\/\\\/vermelho.ca\\\/beta\\\/#website\",\"url\":\"http:\\\/\\\/vermelho.ca\\\/beta\\\/\",\"name\":\"Vermelho\",\"description\":\"\",\"potentialAction\":[{\"@type\":\"SearchAction\",\"target\":{\"@type\":\"EntryPoint\",\"urlTemplate\":\"http:\\\/\\\/vermelho.ca\\\/beta\\\/?s={search_term_string}\"},\"query-input\":{\"@type\":\"PropertyValueSpecification\",\"valueRequired\":true,\"valueName\":\"search_term_string\"}}],\"inLanguage\":\"fr-FR\"}]}<\/script>\n<!-- \/ Yoast SEO plugin. -->","yoast_head_json":{"title":"M\u00e2les - Vermelho","description":"Vermelho c'est un \u00e9levage de chien de la race Setter irlandais situ\u00e9 \u00e0 Trois-Rivi\u00e8res, Qu\u00e9bec, Canada.","robots":{"index":"index","follow":"follow","max-snippet":"max-snippet:-1","max-image-preview":"max-image-preview:large","max-video-preview":"max-video-preview:-1"},"canonical":"http:\/\/vermelho.ca\/beta\/chiens\/males\/","og_locale":"fr_FR","og_type":"article","og_title":"M\u00e2les - Vermelho","og_description":"Vermelho c'est un \u00e9levage de chien de la race Setter irlandais situ\u00e9 \u00e0 Trois-Rivi\u00e8res, Qu\u00e9bec, Canada.","og_url":"http:\/\/vermelho.ca\/beta\/chiens\/males\/","og_site_name":"Vermelho","article_modified_time":"2020-10-11T17:14:25+00:00","twitter_card":"summary_large_image","twitter_misc":{"Dur\u00e9e de lecture estim\u00e9e":"3 minutes"},"schema":{"@context":"https:\/\/schema.org","@graph":[{"@type":"WebPage","@id":"http:\/\/vermelho.ca\/beta\/chiens\/males\/","url":"http:\/\/vermelho.ca\/beta\/chiens\/males\/","name":"M\u00e2les - Vermelho","isPartOf":{"@id":"http:\/\/vermelho.ca\/beta\/#website"},"datePublished":"2020-02-22T17:48:49+00:00","dateModified":"2020-10-11T17:14:25+00:00","description":"Vermelho c'est un \u00e9levage de chien de la race Setter irlandais situ\u00e9 \u00e0 Trois-Rivi\u00e8res, Qu\u00e9bec, Canada.","breadcrumb":{"@id":"http:\/\/vermelho.ca\/beta\/chiens\/males\/#breadcrumb"},"inLanguage":"fr-FR","potentialAction":[{"@type":"ReadAction","target":["http:\/\/vermelho.ca\/beta\/chiens\/males\/"]}]},{"@type":"BreadcrumbList","@id":"http:\/\/vermelho.ca\/beta\/chiens\/males\/#breadcrumb","itemListElement":[{"@type":"ListItem","position":1,"name":"Accueil","item":"https:\/\/vermelho.ca\/beta\/"},{"@type":"ListItem","position":2,"name":"Chiens","item":"http:\/\/vermelho.ca\/beta\/chiens\/"},{"@type":"ListItem","position":3,"name":"M\u00e2les"}]},{"@type":"WebSite","@id":"http:\/\/vermelho.ca\/beta\/#website","url":"http:\/\/vermelho.ca\/beta\/","name":"Vermelho","description":"","potentialAction":[{"@type":"SearchAction","target":{"@type":"EntryPoint","urlTemplate":"http:\/\/vermelho.ca\/beta\/?s={search_term_string}"},"query-input":{"@type":"PropertyValueSpecification","valueRequired":true,"valueName":"search_term_string"}}],"inLanguage":"fr-FR"}]}},"_links":{"self":[{"href":"https:\/\/vermelho.ca\/beta\/wp-json\/wp\/v2\/pages\/77","targetHints":{"allow":["GET"]}}],"collection":[{"href":"https:\/\/vermelho.ca\/beta\/wp-json\/wp\/v2\/pages"}],"about":[{"href":"https:\/\/vermelho.ca\/beta\/wp-json\/wp\/v2\/types\/page"}],"author":[{"embeddable":true,"href":"https:\/\/vermelho.ca\/beta\/wp-json\/wp\/v2\/users\/2"}],"replies":[{"embeddable":true,"href":"https:\/\/vermelho.ca\/beta\/wp-json\/wp\/v2\/comments?post=77"}],"version-history":[{"count":32,"href":"https:\/\/vermelho.ca\/beta\/wp-json\/wp\/v2\/pages\/77\/revisions"}],"predecessor-version":[{"id":1266,"href":"https:\/\/vermelho.ca\/beta\/wp-json\/wp\/v2\/pages\/77\/revisions\/1266"}],"up":[{"embeddable":true,"href":"https:\/\/vermelho.ca\/beta\/wp-json\/wp\/v2\/pages\/68"}],"wp:attachment":[{"href":"https:\/\/vermelho.ca\/beta\/wp-json\/wp\/v2\/media?parent=77"}],"curies":[{"name":"wp","href":"https:\/\/api.w.org\/{rel}","templated":true}]}}